{"id":5035,"date":"2023-07-19T14:07:56","date_gmt":"2023-07-19T13:07:56","guid":{"rendered":"https:\/\/hotel-boucle.gositrade.com\/?post_type=product&#038;p=5035"},"modified":"2023-08-11T16:02:21","modified_gmt":"2023-08-11T15:02:21","slug":"door-hanger","status":"publish","type":"product","link":"https:\/\/hotel-boucle.gositrade.com\/tr\/shop\/door-hanger\/","title":{"rendered":"Temizlik &amp; Rahats\u0131z Etmeyin Kap\u0131 Kart\u0131"},"content":{"rendered":"<div class=\"wooqr_code\"><div id=\"product_qrcode_5035\" class=\"product_qrcode\"><\/div><script>genqrcode(\"https:\/\/hotel-boucle.gositrade.com\/tr\/shop\/door-hanger\/\",\"5035\");<\/script><div class=\"wooqr_product_details\"><h3 class=\"wooqr_product_title\">Temizlik &amp; Rahats\u0131z Etmeyin Kap\u0131 Kart\u0131<\/h3><span class=\"wooqr_product_price\"><div class=\"price\"><span class=\"woocommerce-Price-amount amount\"><bdi><span class=\"woocommerce-Price-currencySymbol\">\u20ac<\/span>1.00<\/bdi><\/span><\/div><\/span><\/div><\/div>\n<h5><strong>1 Miktar = 500 Adet<\/strong><\/h5>\n<h6><strong>Markan\u0131z yaz\u0131labilir.<\/strong><\/h6>","protected":false},"excerpt":{"rendered":"<p>1 Quantity = 500 Pieces Your brand can be written.<\/p>","protected":false},"featured_media":5037,"comment_status":"closed","ping_status":"closed","template":"","meta":{"_monsterinsights_skip_tracking":false,"_monsterinsights_sitenote_active":false,"_monsterinsights_sitenote_note":"","_monsterinsights_sitenote_category":0,"_uf_show_specific_survey":0,"_uf_disable_surveys":false,"jetpack_publicize_message":"","jetpack_publicize_feature_enabled":true,"jetpack_social_post_already_shared":false,"jetpack_social_options":{"image_generator_settings":{"template":"highway","default_image_id":0,"font":"","enabled":false},"version":2}},"product_brand":[],"product_cat":[219,216],"product_tag":[149,389,390,362],"class_list":{"0":"post-5035","1":"product","2":"type-product","3":"status-publish","4":"has-post-thumbnail","6":"product_cat-door-hangers","7":"product_cat-printed-products","8":"product_tag-1-quantity-500-pieces","9":"product_tag-door-hanger","10":"product_tag-door-hangers","11":"product_tag-printed-products-for-hotel","13":"first","14":"instock","15":"shipping-taxable","16":"purchasable","17":"product-type-variable"},"wooqr_code":"","jetpack_publicize_connections":[],"jetpack_sharing_enabled":true,"_links":{"self":[{"href":"https:\/\/hotel-boucle.gositrade.com\/tr\/wp-json\/wp\/v2\/product\/5035","targetHints":{"allow":["GET"]}}],"collection":[{"href":"https:\/\/hotel-boucle.gositrade.com\/tr\/wp-json\/wp\/v2\/product"}],"about":[{"href":"https:\/\/hotel-boucle.gositrade.com\/tr\/wp-json\/wp\/v2\/types\/product"}],"replies":[{"embeddable":true,"href":"https:\/\/hotel-boucle.gositrade.com\/tr\/wp-json\/wp\/v2\/comments?post=5035"}],"version-history":[{"count":4,"href":"https:\/\/hotel-boucle.gositrade.com\/tr\/wp-json\/wp\/v2\/product\/5035\/revisions"}],"predecessor-version":[{"id":5359,"href":"https:\/\/hotel-boucle.gositrade.com\/tr\/wp-json\/wp\/v2\/product\/5035\/revisions\/5359"}],"wp:featuredmedia":[{"embeddable":true,"href":"https:\/\/hotel-boucle.gositrade.com\/tr\/wp-json\/wp\/v2\/media\/5037"}],"wp:attachment":[{"href":"https:\/\/hotel-boucle.gositrade.com\/tr\/wp-json\/wp\/v2\/media?parent=5035"}],"wp:term":[{"taxonomy":"product_brand","embeddable":true,"href":"https:\/\/hotel-boucle.gositrade.com\/tr\/wp-json\/wp\/v2\/product_brand?post=5035"},{"taxonomy":"product_cat","embeddable":true,"href":"https:\/\/hotel-boucle.gositrade.com\/tr\/wp-json\/wp\/v2\/product_cat?post=5035"},{"taxonomy":"product_tag","embeddable":true,"href":"https:\/\/hotel-boucle.gositrade.com\/tr\/wp-json\/wp\/v2\/product_tag?post=5035"}],"curies":[{"name":"wp","href":"https:\/\/api.w.org\/{rel}","templated":true}]}}