{"id":5557,"date":"2023-10-23T23:36:55","date_gmt":"2023-10-23T20:36:55","guid":{"rendered":"https:\/\/hotel-boucle.gositrade.com\/?post_type=product&#038;p=5557"},"modified":"2023-10-23T23:49:09","modified_gmt":"2023-10-23T20:49:09","slug":"postcard","status":"publish","type":"product","link":"https:\/\/hotel-boucle.gositrade.com\/tr\/shop\/postcard\/","title":{"rendered":"Kartpostal"},"content":{"rendered":"<div class=\"wooqr_code\"><div id=\"product_qrcode_5557\" class=\"product_qrcode\"><\/div><script>genqrcode(\"https:\/\/hotel-boucle.gositrade.com\/tr\/shop\/postcard\/\",\"5557\");<\/script><div class=\"wooqr_product_details\"><h3 class=\"wooqr_product_title\">Kartpostal<\/h3><span class=\"wooqr_product_price\"><div class=\"price\"><span class=\"woocommerce-Price-amount amount\"><bdi><span class=\"woocommerce-Price-currencySymbol\">\u20ac<\/span>1.00<\/bdi><\/span><\/div><\/span><\/div><\/div>\n<h5><strong>1 Miktar = 1000 Adet<\/strong><\/h5>\n<h6><strong>Markan\u0131z, logonuz ve istedi\u011finiz tasar\u0131mda bas\u0131labilir.\u00a0 <\/strong><\/h6>\n<h6><strong>Size: A6 (105&#215;148 mm.)<\/strong><\/h6>","protected":false},"excerpt":{"rendered":"<p>Quantity = 1000 Pieces Your brand, logo and creative can be printed.\u00a0 Size: A6 (105&#215;148 mm.)<\/p>","protected":false},"featured_media":5558,"comment_status":"closed","ping_status":"closed","template":"","meta":{"_monsterinsights_skip_tracking":false,"_monsterinsights_sitenote_active":false,"_monsterinsights_sitenote_note":"","_monsterinsights_sitenote_category":0,"_uf_show_specific_survey":0,"_uf_disable_surveys":false,"jetpack_publicize_message":"","jetpack_publicize_feature_enabled":true,"jetpack_social_post_already_shared":false,"jetpack_social_options":{"image_generator_settings":{"template":"highway","default_image_id":0,"font":"","enabled":false},"version":2}},"product_brand":[],"product_cat":[216,231],"product_tag":[361,459,460,388],"class_list":{"0":"post-5557","1":"product","2":"type-product","3":"status-publish","4":"has-post-thumbnail","6":"product_cat-printed-products","7":"product_cat-postcards","8":"product_tag-1-quantity-1000-pieces","9":"product_tag-postcard","10":"product_tag-postcards","11":"product_tag-printed-products","13":"first","14":"instock","15":"shipping-taxable","16":"purchasable","17":"product-type-simple"},"wooqr_code":"","jetpack_publicize_connections":[],"jetpack_sharing_enabled":true,"_links":{"self":[{"href":"https:\/\/hotel-boucle.gositrade.com\/tr\/wp-json\/wp\/v2\/product\/5557","targetHints":{"allow":["GET"]}}],"collection":[{"href":"https:\/\/hotel-boucle.gositrade.com\/tr\/wp-json\/wp\/v2\/product"}],"about":[{"href":"https:\/\/hotel-boucle.gositrade.com\/tr\/wp-json\/wp\/v2\/types\/product"}],"replies":[{"embeddable":true,"href":"https:\/\/hotel-boucle.gositrade.com\/tr\/wp-json\/wp\/v2\/comments?post=5557"}],"version-history":[{"count":4,"href":"https:\/\/hotel-boucle.gositrade.com\/tr\/wp-json\/wp\/v2\/product\/5557\/revisions"}],"predecessor-version":[{"id":5560,"href":"https:\/\/hotel-boucle.gositrade.com\/tr\/wp-json\/wp\/v2\/product\/5557\/revisions\/5560"}],"wp:featuredmedia":[{"embeddable":true,"href":"https:\/\/hotel-boucle.gositrade.com\/tr\/wp-json\/wp\/v2\/media\/5558"}],"wp:attachment":[{"href":"https:\/\/hotel-boucle.gositrade.com\/tr\/wp-json\/wp\/v2\/media?parent=5557"}],"wp:term":[{"taxonomy":"product_brand","embeddable":true,"href":"https:\/\/hotel-boucle.gositrade.com\/tr\/wp-json\/wp\/v2\/product_brand?post=5557"},{"taxonomy":"product_cat","embeddable":true,"href":"https:\/\/hotel-boucle.gositrade.com\/tr\/wp-json\/wp\/v2\/product_cat?post=5557"},{"taxonomy":"product_tag","embeddable":true,"href":"https:\/\/hotel-boucle.gositrade.com\/tr\/wp-json\/wp\/v2\/product_tag?post=5557"}],"curies":[{"name":"wp","href":"https:\/\/api.w.org\/{rel}","templated":true}]}}