{"id":5855,"date":"2024-01-06T20:02:26","date_gmt":"2024-01-06T17:02:26","guid":{"rendered":"https:\/\/hotel-boucle.gositrade.com\/?post_type=product&#038;p=5855"},"modified":"2024-01-06T20:10:22","modified_gmt":"2024-01-06T17:10:22","slug":"wet-wipe","status":"publish","type":"product","link":"https:\/\/hotel-boucle.gositrade.com\/tr\/shop\/wet-wipe\/","title":{"rendered":"Wet Wipe"},"content":{"rendered":"<div class=\"wooqr_code\"><div id=\"product_qrcode_5855\" class=\"product_qrcode\"><\/div><script>genqrcode(\"https:\/\/hotel-boucle.gositrade.com\/tr\/shop\/wet-wipe\/\",\"5855\");<\/script><div class=\"wooqr_product_details\"><h3 class=\"wooqr_product_title\">Wet Wipe<\/h3><span class=\"wooqr_product_price\"><div class=\"price\"><span class=\"woocommerce-Price-amount amount\"><bdi><span class=\"woocommerce-Price-currencySymbol\">\u20ac<\/span>1.00<\/bdi><\/span><\/div><\/span><\/div><\/div>\n<h5><strong>1 Miktar = 1000 Adet<\/strong><\/h5>\n<h6><strong>Markan\u0131z, logonuz ve istedi\u011finiz tasar\u0131mda bas\u0131labilir.\u00a0<\/strong><\/h6>\n<h6><\/h6>\n<h6><\/h6>\n<h6><\/h6>","protected":false},"excerpt":{"rendered":"<p>Quantity = 1000 Pieces Your brand, logo and creative can be printed.\u00a0<\/p>","protected":false},"featured_media":5857,"comment_status":"closed","ping_status":"closed","template":"","meta":{"_monsterinsights_skip_tracking":false,"_monsterinsights_sitenote_active":false,"_monsterinsights_sitenote_note":"","_monsterinsights_sitenote_category":0,"_uf_show_specific_survey":0,"_uf_disable_surveys":false,"jetpack_publicize_message":"","jetpack_publicize_feature_enabled":true,"jetpack_social_post_already_shared":false,"jetpack_social_options":{"image_generator_settings":{"template":"highway","default_image_id":0,"font":"","enabled":false},"version":2}},"product_brand":[],"product_cat":[216,255],"product_tag":[361,388,520,521],"class_list":{"0":"post-5855","1":"product","2":"type-product","3":"status-publish","4":"has-post-thumbnail","6":"product_cat-printed-products","7":"product_cat-wet-wipes","8":"product_tag-1-quantity-1000-pieces","9":"product_tag-printed-products","10":"product_tag-wet-wipe","11":"product_tag-wet-wipes","13":"first","14":"instock","15":"shipping-taxable","16":"purchasable","17":"product-type-variable"},"wooqr_code":"","jetpack_publicize_connections":[],"jetpack_sharing_enabled":true,"_links":{"self":[{"href":"https:\/\/hotel-boucle.gositrade.com\/tr\/wp-json\/wp\/v2\/product\/5855","targetHints":{"allow":["GET"]}}],"collection":[{"href":"https:\/\/hotel-boucle.gositrade.com\/tr\/wp-json\/wp\/v2\/product"}],"about":[{"href":"https:\/\/hotel-boucle.gositrade.com\/tr\/wp-json\/wp\/v2\/types\/product"}],"replies":[{"embeddable":true,"href":"https:\/\/hotel-boucle.gositrade.com\/tr\/wp-json\/wp\/v2\/comments?post=5855"}],"version-history":[{"count":2,"href":"https:\/\/hotel-boucle.gositrade.com\/tr\/wp-json\/wp\/v2\/product\/5855\/revisions"}],"predecessor-version":[{"id":5875,"href":"https:\/\/hotel-boucle.gositrade.com\/tr\/wp-json\/wp\/v2\/product\/5855\/revisions\/5875"}],"wp:featuredmedia":[{"embeddable":true,"href":"https:\/\/hotel-boucle.gositrade.com\/tr\/wp-json\/wp\/v2\/media\/5857"}],"wp:attachment":[{"href":"https:\/\/hotel-boucle.gositrade.com\/tr\/wp-json\/wp\/v2\/media?parent=5855"}],"wp:term":[{"taxonomy":"product_brand","embeddable":true,"href":"https:\/\/hotel-boucle.gositrade.com\/tr\/wp-json\/wp\/v2\/product_brand?post=5855"},{"taxonomy":"product_cat","embeddable":true,"href":"https:\/\/hotel-boucle.gositrade.com\/tr\/wp-json\/wp\/v2\/product_cat?post=5855"},{"taxonomy":"product_tag","embeddable":true,"href":"https:\/\/hotel-boucle.gositrade.com\/tr\/wp-json\/wp\/v2\/product_tag?post=5855"}],"curies":[{"name":"wp","href":"https:\/\/api.w.org\/{rel}","templated":true}]}}